{"id":616,"date":"2022-06-09T20:18:46","date_gmt":"2022-06-09T20:18:46","guid":{"rendered":"https:\/\/atractivosturisticosmoya.com\/iglesia-de-ntra-sra-de-candelaria\/"},"modified":"2022-07-12T13:58:48","modified_gmt":"2022-07-12T13:58:48","slug":"iglesia-de-ntra-sra-de-candelaria","status":"publish","type":"page","link":"https:\/\/atractivosturisticos.villademoya.es\/en\/iglesia-de-ntra-sra-de-candelaria\/","title":{"rendered":"Iglesia de Ntra. Sra. de Candelaria"},"content":{"rendered":"\n\n  <div class=\"banner has-hover\" id=\"banner-685252503\">\n          <div class=\"banner-inner fill\">\n        <div class=\"banner-bg fill\" >\n            <div class=\"bg fill bg-fill \"><\/div>\n                        <div class=\"overlay\"><\/div>            \n                    <\/div>\n\t\t\n        <div class=\"banner-layers container\">\n            <div class=\"fill banner-link\"><\/div>            \n\n   <div id=\"text-box-1366057350\" class=\"text-box banner-layer x50 md-x50 lg-x50 y50 md-y50 lg-y50 res-text\">\n                                <div class=\"text-box-content text dark\">\n              \n              <div class=\"text-inner text-center\">\n                  \n\n\t<div class=\"img has-hover x md-x lg-x y md-y lg-y\" id=\"image_1522841933\">\n\t\t\t\t\t\t\t\t<div class=\"img-inner dark\" >\n\t\t\t<img width=\"1020\" height=\"129\" src=\"https:\/\/atractivosturisticos.villademoya.es\/wp-content\/uploads\/2022\/07\/Textos-web-2-1400x177.png\" class=\"attachment-large size-large\" alt=\"\" loading=\"lazy\" srcset=\"https:\/\/atractivosturisticos.villademoya.es\/wp-content\/uploads\/2022\/07\/Textos-web-2-1400x177.png 1400w, https:\/\/atractivosturisticos.villademoya.es\/wp-content\/uploads\/2022\/07\/Textos-web-2-800x101.png 800w, https:\/\/atractivosturisticos.villademoya.es\/wp-content\/uploads\/2022\/07\/Textos-web-2-768x97.png 768w, https:\/\/atractivosturisticos.villademoya.es\/wp-content\/uploads\/2022\/07\/Textos-web-2-1536x194.png 1536w, https:\/\/atractivosturisticos.villademoya.es\/wp-content\/uploads\/2022\/07\/Textos-web-2.png 1933w\" sizes=\"(max-width: 1020px) 100vw, 1020px\" \/>\t\t\t\t\t\t\n\t\t\t\t\t<\/div>\n\t\t\t\t\t\t\t\t\n<style>\n#image_1522841933 {\n  width: 100%;\n}\n<\/style>\n\t<\/div>\n\t\n\n\n              <\/div>\n           <\/div>\n                            \n<style>\n#text-box-1366057350 {\n  width: 98%;\n}\n#text-box-1366057350 .text-box-content {\n  font-size: 100%;\n}\n@media (min-width:550px) {\n  #text-box-1366057350 {\n    width: 85%;\n  }\n}\n<\/style>\n    <\/div>\n \n\n        <\/div>\n      <\/div>\n\n            \n<style>\n#banner-685252503 {\n  padding-top: 360px;\n}\n#banner-685252503 .bg.bg-loaded {\n  background-image: url(https:\/\/atractivosturisticos.villademoya.es\/wp-content\/uploads\/2022\/06\/iglesia-candelaria-foto-turismo.jpg);\n}\n#banner-685252503 .overlay {\n  background-color: rgba(0, 0, 0, 0.378);\n}\n#banner-685252503 .ux-shape-divider--top svg {\n  height: 150px;\n  --divider-top-width: 100%;\n}\n#banner-685252503 .ux-shape-divider--bottom svg {\n  height: 150px;\n  --divider-width: 100%;\n}\n@media (min-width:550px) {\n  #banner-685252503 {\n    padding-top: 600px;\n  }\n}\n<\/style>\n  <\/div>\n\n\n\t<div id=\"gap-785887758\" class=\"gap-element clearfix\" style=\"display:block; height:auto;\">\n\t\t\n<style>\n#gap-785887758 {\n  padding-top: 59px;\n}\n@media (min-width:550px) {\n  #gap-785887758 {\n    padding-top: 85px;\n  }\n}\n<\/style>\n\t<\/div>\n\t\n\n<div class=\"row row-large align-middle\"  id=\"row-1150592181\">\n\n\n\t<div id=\"col-1652370889\" class=\"col medium-6 small-12 large-6\"  >\n\t\t\t\t<div class=\"col-inner\"  >\n\t\t\t\n\t\t\t\n\n<p style=\"text-align: justify;\">Built in 1957 over the original chapel where the Moya Parish was founded in 1515, this is one of the most emblematic buildings in the town. Its striking outline combines Neoclassical and regional styles as it rises above a deep ravine (Barranco de Moya). Notable features include the three rose windows and the stained-glass windows representing different biblical passages. The church houses important works of religious art, such as the 15th-century statue of the patron saint of Moya, Our Lady of Candelaria, and the statue of St Jude Thaddeus completed by the renowned Gran Canaria artist, Jos\u00e9 Luj\u00e1n P\u00e9rez, in 1803.<\/p>\n\t<div id=\"gap-2057481964\" class=\"gap-element clearfix\" style=\"display:block; height:auto;\">\n\t\t\n<style>\n#gap-2057481964 {\n  padding-top: 10px;\n}\n<\/style>\n\t<\/div>\n\t\n\n<div class=\"row row-collapse align-middle align-center\"  id=\"row-1575640368\">\n\n\n\t<div id=\"col-1803945180\" class=\"col medium-2 small-3 large-2\"  >\n\t\t\t\t<div class=\"col-inner\"  >\n\t\t\t\n\t\t\t\n\n\t<div class=\"img has-hover x md-x lg-x y md-y lg-y\" id=\"image_417421548\">\n\t\t<a class=\"\" href=\"https:\/\/goo.gl\/maps\/7VBMxcPfnNjeHcvo6\"  >\t\t\t\t\t\t<div class=\"img-inner dark\" >\n\t\t\t<img width=\"100\" height=\"131\" src=\"https:\/\/atractivosturisticos.villademoya.es\/wp-content\/uploads\/2022\/06\/Ubicacion-e1655722967633.png\" class=\"attachment-large size-large\" alt=\"\" loading=\"lazy\" \/>\t\t\t\t\t\t\n\t\t\t\t\t<\/div>\n\t\t\t\t\t\t<\/a>\t\t\n<style>\n#image_417421548 {\n  width: 50%;\n}\n<\/style>\n\t<\/div>\n\t\n\n\n\t\t<\/div>\n\t\t\t\t\t<\/div>\n\n\t\n\n\t<div id=\"col-702228903\" class=\"col medium-4 small-5 large-4\"  >\n\t\t\t\t<div class=\"col-inner\"  >\n\t\t\t\n\t\t\t\n\n\t<div id=\"gap-424534243\" class=\"gap-element clearfix\" style=\"display:block; height:auto;\">\n\t\t\n<style>\n#gap-424534243 {\n  padding-top: 14px;\n}\n<\/style>\n\t<\/div>\n\t\n\n<p><a href=\"https:\/\/goo.gl\/maps\/7VBMxcPfnNjeHcvo6\"><strong>How to reach<\/strong><\/a><\/p>\n\n\t\t<\/div>\n\t\t\t\t\t<\/div>\n\n\t\n\n<\/div>\n\n\t\t<\/div>\n\t\t\t\t\t<\/div>\n\n\t\n\n\t<div id=\"col-250525952\" class=\"col medium-6 small-12 large-6\"  >\n\t\t\t\t<div class=\"col-inner\"  >\n\t\t\t\n\t\t\t\n\n\t<div class=\"img has-hover x md-x lg-x y md-y lg-y\" id=\"image_1165818649\">\n\t\t\t\t\t\t\t\t<div class=\"img-inner dark\" >\n\t\t\t<img width=\"325\" height=\"325\" src=\"https:\/\/atractivosturisticos.villademoya.es\/wp-content\/uploads\/2022\/06\/Moya-1-modified.png\" class=\"attachment-large size-large\" alt=\"\" loading=\"lazy\" srcset=\"https:\/\/atractivosturisticos.villademoya.es\/wp-content\/uploads\/2022\/06\/Moya-1-modified.png 325w, https:\/\/atractivosturisticos.villademoya.es\/wp-content\/uploads\/2022\/06\/Moya-1-modified-280x280.png 280w\" sizes=\"(max-width: 325px) 100vw, 325px\" \/>\t\t\t\t\t\t\n\t\t\t\t\t<\/div>\n\t\t\t\t\t\t\t\t\n<style>\n#image_1165818649 {\n  width: 100%;\n}\n<\/style>\n\t<\/div>\n\t\n\n\n\t\t<\/div>\n\t\t\t\t\t<\/div>\n\n\t\n\n<\/div>\n\t<div id=\"gap-1930419292\" class=\"gap-element clearfix\" style=\"display:block; height:auto;\">\n\t\t\n<style>\n#gap-1930419292 {\n  padding-top: 57px;\n}\n<\/style>\n\t<\/div>\n\t\n\n<div class=\"row row-collapse row-full-width\"  id=\"row-1542842051\">\n\n\n\t<div id=\"col-1832318287\" class=\"col medium-6 small-12 large-6\"  >\n\t\t\t\t<div class=\"col-inner\"  >\n\t\t\t\n\t\t\t\n\n\n  <div class=\"banner has-hover\" id=\"banner-241009778\">\n          <div class=\"banner-inner fill\">\n        <div class=\"banner-bg fill\" >\n            <div class=\"bg fill bg-fill \"><\/div>\n                                    \n                    <\/div>\n\t\t\n        <div class=\"banner-layers container\">\n            <div class=\"fill banner-link\"><\/div>            \n\n   <div id=\"text-box-185672822\" class=\"text-box banner-layer x50 md-x50 lg-x50 y50 md-y50 lg-y50 res-text\">\n                                <div class=\"text-box-content text dark\">\n              \n              <div class=\"text-inner text-center\">\n                  \n\n\n              <\/div>\n           <\/div>\n                            \n<style>\n#text-box-185672822 {\n  width: 60%;\n}\n#text-box-185672822 .text-box-content {\n  font-size: 100%;\n}\n<\/style>\n    <\/div>\n \n\n        <\/div>\n      <\/div>\n\n            \n<style>\n#banner-241009778 {\n  padding-top: 400px;\n}\n#banner-241009778 .bg.bg-loaded {\n  background-image: url(https:\/\/atractivosturisticos.villademoya.es\/wp-content\/uploads\/2022\/06\/AF1QipMFuNW4XLAScJPnLEhgMfWJTvnjglU-_w1PgslRw426-h240-k-no.jpeg);\n}\n#banner-241009778 .bg {\n  background-position: 0% 0%;\n}\n#banner-241009778 .ux-shape-divider--top svg {\n  height: 150px;\n  --divider-top-width: 100%;\n}\n#banner-241009778 .ux-shape-divider--bottom svg {\n  height: 150px;\n  --divider-width: 100%;\n}\n@media (min-width:550px) {\n  #banner-241009778 {\n    padding-top: 500px;\n  }\n}\n<\/style>\n  <\/div>\n\n\n\t<div id=\"gap-835878447\" class=\"gap-element clearfix\" style=\"display:block; height:auto;\">\n\t\t\n<style>\n#gap-835878447 {\n  padding-top: 30px;\n}\n@media (min-width:550px) {\n  #gap-835878447 {\n    padding-top: 0px;\n  }\n}\n<\/style>\n\t<\/div>\n\t\n\n\n\t\t<\/div>\n\t\t\t\t\t<\/div>\n\n\t\n\n\t<div id=\"col-1829947664\" class=\"col medium-6 small-12 large-6\"  >\n\t\t\t\t<div class=\"col-inner\"  >\n\t\t\t\n\t\t\t\n\n\n  <div class=\"banner has-hover\" id=\"banner-316347232\">\n          <div class=\"banner-inner fill\">\n        <div class=\"banner-bg fill\" >\n            <div class=\"bg fill bg-fill \"><\/div>\n                                    \n                    <\/div>\n\t\t\n        <div class=\"banner-layers container\">\n            <div class=\"fill banner-link\"><\/div>            \n\n   <div id=\"text-box-1555221538\" class=\"text-box banner-layer x50 md-x50 lg-x50 y50 md-y50 lg-y50 res-text\">\n                                <div class=\"text-box-content text dark\">\n              \n              <div class=\"text-inner text-center\">\n                  \n\n\n              <\/div>\n           <\/div>\n                            \n<style>\n#text-box-1555221538 {\n  width: 60%;\n}\n#text-box-1555221538 .text-box-content {\n  font-size: 100%;\n}\n<\/style>\n    <\/div>\n \n\n        <\/div>\n      <\/div>\n\n            \n<style>\n#banner-316347232 {\n  padding-top: 400px;\n}\n#banner-316347232 .bg.bg-loaded {\n  background-image: url(https:\/\/atractivosturisticos.villademoya.es\/wp-content\/uploads\/2022\/06\/moya.jpg);\n}\n#banner-316347232 .bg {\n  background-position: 12% 73%;\n}\n#banner-316347232 .ux-shape-divider--top svg {\n  height: 150px;\n  --divider-top-width: 100%;\n}\n#banner-316347232 .ux-shape-divider--bottom svg {\n  height: 150px;\n  --divider-width: 100%;\n}\n@media (min-width:550px) {\n  #banner-316347232 {\n    padding-top: 500px;\n  }\n}\n<\/style>\n  <\/div>\n\n\n\n\t\t<\/div>\n\t\t\t\t\t<\/div>\n\n\t\n\n<\/div>\n\n","protected":false},"excerpt":{"rendered":"","protected":false},"author":1,"featured_media":0,"parent":0,"menu_order":0,"comment_status":"closed","ping_status":"closed","template":"page-blank.php","meta":[],"_links":{"self":[{"href":"https:\/\/atractivosturisticos.villademoya.es\/en\/wp-json\/wp\/v2\/pages\/616"}],"collection":[{"href":"https:\/\/atractivosturisticos.villademoya.es\/en\/wp-json\/wp\/v2\/pages"}],"about":[{"href":"https:\/\/atractivosturisticos.villademoya.es\/en\/wp-json\/wp\/v2\/types\/page"}],"author":[{"embeddable":true,"href":"https:\/\/atractivosturisticos.villademoya.es\/en\/wp-json\/wp\/v2\/users\/1"}],"replies":[{"embeddable":true,"href":"https:\/\/atractivosturisticos.villademoya.es\/en\/wp-json\/wp\/v2\/comments?post=616"}],"version-history":[{"count":3,"href":"https:\/\/atractivosturisticos.villademoya.es\/en\/wp-json\/wp\/v2\/pages\/616\/revisions"}],"predecessor-version":[{"id":699,"href":"https:\/\/atractivosturisticos.villademoya.es\/en\/wp-json\/wp\/v2\/pages\/616\/revisions\/699"}],"wp:attachment":[{"href":"https:\/\/atractivosturisticos.villademoya.es\/en\/wp-json\/wp\/v2\/media?parent=616"}],"curies":[{"name":"wp","href":"https:\/\/api.w.org\/{rel}","templated":true}]}}