{"id":614,"date":"2022-06-09T20:20:22","date_gmt":"2022-06-09T20:20:22","guid":{"rendered":"https:\/\/atractivosturisticosmoya.com\/ermita-de-san-bartolome-de-fontanales\/"},"modified":"2022-07-12T14:02:44","modified_gmt":"2022-07-12T14:02:44","slug":"ermita-de-san-bartolome-de-fontanales","status":"publish","type":"page","link":"https:\/\/atractivosturisticos.villademoya.es\/en\/ermita-de-san-bartolome-de-fontanales\/","title":{"rendered":"Ermita de San Bartolom\u00e9 de Fontanales"},"content":{"rendered":"\n\n  <div class=\"banner has-hover\" id=\"banner-627288610\">\n          <div class=\"banner-inner fill\">\n        <div class=\"banner-bg fill\" >\n            <div class=\"bg fill bg-fill \"><\/div>\n                        <div class=\"overlay\"><\/div>            \n                    <\/div>\n\t\t\n        <div class=\"banner-layers container\">\n            <div class=\"fill banner-link\"><\/div>            \n\n   <div id=\"text-box-1241264272\" class=\"text-box banner-layer x50 md-x50 lg-x50 y50 md-y50 lg-y50 res-text\">\n                                <div class=\"text-box-content text dark\">\n              \n              <div class=\"text-inner text-center\">\n                  \n\n\t<div class=\"img has-hover x md-x lg-x y md-y lg-y\" id=\"image_652075508\">\n\t\t\t\t\t\t\t\t<div class=\"img-inner dark\" >\n\t\t\t<img width=\"1020\" height=\"116\" src=\"https:\/\/atractivosturisticos.villademoya.es\/wp-content\/uploads\/2022\/07\/Textos-web-6-1400x159.png\" class=\"attachment-large size-large\" alt=\"\" loading=\"lazy\" srcset=\"https:\/\/atractivosturisticos.villademoya.es\/wp-content\/uploads\/2022\/07\/Textos-web-6-1400x159.png 1400w, https:\/\/atractivosturisticos.villademoya.es\/wp-content\/uploads\/2022\/07\/Textos-web-6-800x91.png 800w, https:\/\/atractivosturisticos.villademoya.es\/wp-content\/uploads\/2022\/07\/Textos-web-6-768x87.png 768w, https:\/\/atractivosturisticos.villademoya.es\/wp-content\/uploads\/2022\/07\/Textos-web-6-1536x174.png 1536w, https:\/\/atractivosturisticos.villademoya.es\/wp-content\/uploads\/2022\/07\/Textos-web-6-2048x232.png 2048w\" sizes=\"(max-width: 1020px) 100vw, 1020px\" \/>\t\t\t\t\t\t\n\t\t\t\t\t<\/div>\n\t\t\t\t\t\t\t\t\n<style>\n#image_652075508 {\n  width: 100%;\n}\n<\/style>\n\t<\/div>\n\t\n\n\n              <\/div>\n           <\/div>\n                            \n<style>\n#text-box-1241264272 {\n  width: 97%;\n}\n#text-box-1241264272 .text-box-content {\n  font-size: 100%;\n}\n@media (min-width:550px) {\n  #text-box-1241264272 {\n    width: 90%;\n  }\n}\n<\/style>\n    <\/div>\n \n\n        <\/div>\n      <\/div>\n\n            \n<style>\n#banner-627288610 {\n  padding-top: 360px;\n}\n#banner-627288610 .bg.bg-loaded {\n  background-image: url(https:\/\/atractivosturisticos.villademoya.es\/wp-content\/uploads\/2022\/06\/pag-97-1054x800.jpg);\n}\n#banner-627288610 .overlay {\n  background-color: rgba(0, 0, 0, 0.378);\n}\n#banner-627288610 .bg {\n  background-position: 23% 0%;\n}\n#banner-627288610 .ux-shape-divider--top svg {\n  height: 150px;\n  --divider-top-width: 100%;\n}\n#banner-627288610 .ux-shape-divider--bottom svg {\n  height: 150px;\n  --divider-width: 100%;\n}\n@media (min-width:550px) {\n  #banner-627288610 {\n    padding-top: 600px;\n  }\n}\n<\/style>\n  <\/div>\n\n\n\t<div id=\"gap-852359729\" class=\"gap-element clearfix\" style=\"display:block; height:auto;\">\n\t\t\n<style>\n#gap-852359729 {\n  padding-top: 59px;\n}\n@media (min-width:550px) {\n  #gap-852359729 {\n    padding-top: 85px;\n  }\n}\n<\/style>\n\t<\/div>\n\t\n\n<div class=\"row row-large align-middle\"  id=\"row-436496772\">\n\n\n\t<div id=\"col-1496656354\" class=\"col medium-6 small-12 large-6\"  >\n\t\t\t\t<div class=\"col-inner\"  >\n\t\t\t\n\t\t\t\n\n<p style=\"text-align: justify;\">Dedicated to Saint Bartholomew the Apostle, the original Fontanales chapel was built in 1635 and another in 1872, which is the building that still stands today, although it is not currently used for worship, after a new main church was built a few metres away. The statue of the saint was made by Gran Canaria artist Jos\u00e9 Luj\u00e1n P\u00e9rez in 1815.<\/p>\n\t<div id=\"gap-1290994872\" class=\"gap-element clearfix\" style=\"display:block; height:auto;\">\n\t\t\n<style>\n#gap-1290994872 {\n  padding-top: 10px;\n}\n<\/style>\n\t<\/div>\n\t\n\n<div class=\"row row-collapse align-middle align-center\"  id=\"row-1578649341\">\n\n\n\t<div id=\"col-1104429576\" class=\"col medium-2 small-3 large-2\"  >\n\t\t\t\t<div class=\"col-inner\"  >\n\t\t\t\n\t\t\t\n\n\t<div class=\"img has-hover x md-x lg-x y md-y lg-y\" id=\"image_771614373\">\n\t\t<a class=\"\" href=\"https:\/\/goo.gl\/maps\/nhQwQtcJm3Ebm2Zo7\"  >\t\t\t\t\t\t<div class=\"img-inner dark\" >\n\t\t\t<img width=\"100\" height=\"131\" src=\"https:\/\/atractivosturisticos.villademoya.es\/wp-content\/uploads\/2022\/06\/Ubicacion-e1655722967633.png\" class=\"attachment-large size-large\" alt=\"\" loading=\"lazy\" \/>\t\t\t\t\t\t\n\t\t\t\t\t<\/div>\n\t\t\t\t\t\t<\/a>\t\t\n<style>\n#image_771614373 {\n  width: 50%;\n}\n<\/style>\n\t<\/div>\n\t\n\n\n\t\t<\/div>\n\t\t\t\t\t<\/div>\n\n\t\n\n\t<div id=\"col-234757019\" class=\"col medium-4 small-5 large-4\"  >\n\t\t\t\t<div class=\"col-inner\"  >\n\t\t\t\n\t\t\t\n\n\t<div id=\"gap-1767647288\" class=\"gap-element clearfix\" style=\"display:block; height:auto;\">\n\t\t\n<style>\n#gap-1767647288 {\n  padding-top: 14px;\n}\n<\/style>\n\t<\/div>\n\t\n\n<p><a href=\"https:\/\/goo.gl\/maps\/nhQwQtcJm3Ebm2Zo7\"><strong>How to reach<\/strong><\/a><\/p>\n\n\t\t<\/div>\n\t\t\t\t\t<\/div>\n\n\t\n\n<\/div>\n\n\t\t<\/div>\n\t\t\t\t\t<\/div>\n\n\t\n\n\t<div id=\"col-351283486\" class=\"col medium-6 small-12 large-6\"  >\n\t\t\t\t<div class=\"col-inner\"  >\n\t\t\t\n\t\t\t\n\n\t<div class=\"img has-hover x md-x lg-x y md-y lg-y\" id=\"image_1187457740\">\n\t\t\t\t\t\t\t\t<div class=\"img-inner dark\" >\n\t\t\t<img width=\"384\" height=\"384\" src=\"https:\/\/atractivosturisticos.villademoya.es\/wp-content\/uploads\/2022\/06\/phoca_thumb_l_mitadSAM_0901-modified.png\" class=\"attachment-large size-large\" alt=\"\" loading=\"lazy\" srcset=\"https:\/\/atractivosturisticos.villademoya.es\/wp-content\/uploads\/2022\/06\/phoca_thumb_l_mitadSAM_0901-modified.png 384w, https:\/\/atractivosturisticos.villademoya.es\/wp-content\/uploads\/2022\/06\/phoca_thumb_l_mitadSAM_0901-modified-280x280.png 280w\" sizes=\"(max-width: 384px) 100vw, 384px\" \/>\t\t\t\t\t\t\n\t\t\t\t\t<\/div>\n\t\t\t\t\t\t\t\t\n<style>\n#image_1187457740 {\n  width: 100%;\n}\n<\/style>\n\t<\/div>\n\t\n\n\n\t\t<\/div>\n\t\t\t\t\t<\/div>\n\n\t\n\n<\/div>\n\t<div id=\"gap-1724597335\" class=\"gap-element clearfix\" style=\"display:block; height:auto;\">\n\t\t\n<style>\n#gap-1724597335 {\n  padding-top: 57px;\n}\n<\/style>\n\t<\/div>\n\t\n\n<div class=\"row row-collapse row-full-width\"  id=\"row-1778725032\">\n\n\n\t<div id=\"col-1690711795\" class=\"col medium-6 small-12 large-6\"  >\n\t\t\t\t<div class=\"col-inner\"  >\n\t\t\t\n\t\t\t\n\n\n  <div class=\"banner has-hover\" id=\"banner-369678702\">\n          <div class=\"banner-inner fill\">\n        <div class=\"banner-bg fill\" >\n            <div class=\"bg fill bg-fill \"><\/div>\n                                    \n                    <\/div>\n\t\t\n        <div class=\"banner-layers container\">\n            <div class=\"fill banner-link\"><\/div>            \n\n   <div id=\"text-box-341365910\" class=\"text-box banner-layer x50 md-x50 lg-x50 y50 md-y50 lg-y50 res-text\">\n                                <div class=\"text-box-content text dark\">\n              \n              <div class=\"text-inner text-center\">\n                  \n\n\n              <\/div>\n           <\/div>\n                            \n<style>\n#text-box-341365910 {\n  width: 60%;\n}\n#text-box-341365910 .text-box-content {\n  font-size: 100%;\n}\n<\/style>\n    <\/div>\n \n\n        <\/div>\n      <\/div>\n\n            \n<style>\n#banner-369678702 {\n  padding-top: 400px;\n}\n#banner-369678702 .bg.bg-loaded {\n  background-image: url(https:\/\/atractivosturisticos.villademoya.es\/wp-content\/uploads\/2022\/06\/Fontanales-antigua-ermita-fotosgrancanaria.com_-1127x800.jpg);\n}\n#banner-369678702 .bg {\n  background-position: 14% 0%;\n}\n#banner-369678702 .ux-shape-divider--top svg {\n  height: 150px;\n  --divider-top-width: 100%;\n}\n#banner-369678702 .ux-shape-divider--bottom svg {\n  height: 150px;\n  --divider-width: 100%;\n}\n@media (min-width:550px) {\n  #banner-369678702 {\n    padding-top: 500px;\n  }\n}\n<\/style>\n  <\/div>\n\n\n\t<div id=\"gap-1282267864\" class=\"gap-element clearfix\" style=\"display:block; height:auto;\">\n\t\t\n<style>\n#gap-1282267864 {\n  padding-top: 30px;\n}\n@media (min-width:550px) {\n  #gap-1282267864 {\n    padding-top: 0px;\n  }\n}\n<\/style>\n\t<\/div>\n\t\n\n\n\t\t<\/div>\n\t\t\t\t\t<\/div>\n\n\t\n\n\t<div id=\"col-200070324\" class=\"col medium-6 small-12 large-6\"  >\n\t\t\t\t<div class=\"col-inner\"  >\n\t\t\t\n\t\t\t\n\n\n  <div class=\"banner has-hover\" id=\"banner-1162435265\">\n          <div class=\"banner-inner fill\">\n        <div class=\"banner-bg fill\" >\n            <div class=\"bg fill bg-fill \"><\/div>\n                                    \n                    <\/div>\n\t\t\n        <div class=\"banner-layers container\">\n            <div class=\"fill banner-link\"><\/div>            \n\n   <div id=\"text-box-1774729229\" class=\"text-box banner-layer x50 md-x50 lg-x50 y50 md-y50 lg-y50 res-text\">\n                                <div class=\"text-box-content text dark\">\n              \n              <div class=\"text-inner text-center\">\n                  \n\n\n              <\/div>\n           <\/div>\n                            \n<style>\n#text-box-1774729229 {\n  width: 60%;\n}\n#text-box-1774729229 .text-box-content {\n  font-size: 100%;\n}\n<\/style>\n    <\/div>\n \n\n        <\/div>\n      <\/div>\n\n            \n<style>\n#banner-1162435265 {\n  padding-top: 400px;\n}\n#banner-1162435265 .bg.bg-loaded {\n  background-image: url(https:\/\/atractivosturisticos.villademoya.es\/wp-content\/uploads\/2022\/06\/fonta2.jpg);\n}\n#banner-1162435265 .bg {\n  background-position: 14% 4%;\n}\n#banner-1162435265 .ux-shape-divider--top svg {\n  height: 150px;\n  --divider-top-width: 100%;\n}\n#banner-1162435265 .ux-shape-divider--bottom svg {\n  height: 150px;\n  --divider-width: 100%;\n}\n@media (min-width:550px) {\n  #banner-1162435265 {\n    padding-top: 500px;\n  }\n}\n<\/style>\n  <\/div>\n\n\n\n\t\t<\/div>\n\t\t\t\t\t<\/div>\n\n\t\n\n<\/div>\n\n","protected":false},"excerpt":{"rendered":"","protected":false},"author":1,"featured_media":0,"parent":0,"menu_order":0,"comment_status":"closed","ping_status":"closed","template":"page-blank.php","meta":[],"_links":{"self":[{"href":"https:\/\/atractivosturisticos.villademoya.es\/en\/wp-json\/wp\/v2\/pages\/614"}],"collection":[{"href":"https:\/\/atractivosturisticos.villademoya.es\/en\/wp-json\/wp\/v2\/pages"}],"about":[{"href":"https:\/\/atractivosturisticos.villademoya.es\/en\/wp-json\/wp\/v2\/types\/page"}],"author":[{"embeddable":true,"href":"https:\/\/atractivosturisticos.villademoya.es\/en\/wp-json\/wp\/v2\/users\/1"}],"replies":[{"embeddable":true,"href":"https:\/\/atractivosturisticos.villademoya.es\/en\/wp-json\/wp\/v2\/comments?post=614"}],"version-history":[{"count":2,"href":"https:\/\/atractivosturisticos.villademoya.es\/en\/wp-json\/wp\/v2\/pages\/614\/revisions"}],"predecessor-version":[{"id":711,"href":"https:\/\/atractivosturisticos.villademoya.es\/en\/wp-json\/wp\/v2\/pages\/614\/revisions\/711"}],"wp:attachment":[{"href":"https:\/\/atractivosturisticos.villademoya.es\/en\/wp-json\/wp\/v2\/media?parent=614"}],"curies":[{"name":"wp","href":"https:\/\/api.w.org\/{rel}","templated":true}]}}